{"id":11263,"date":"2025-03-10T12:55:41","date_gmt":"2025-03-10T11:55:41","guid":{"rendered":"https:\/\/chiquilavila.org\/avis-legal\/"},"modified":"2025-03-10T12:55:42","modified_gmt":"2025-03-10T11:55:42","slug":"avis-legal","status":"publish","type":"page","link":"https:\/\/chiquilavila.org\/fr\/avis-legal\/","title":{"rendered":"Av\u00eds Legal"},"content":{"rendered":"\n<p>Despr\u00e9s d&rsquo;una auditoria realitzada per a la informaci\u00f3 sobre l&rsquo;Av\u00eds Legal d&rsquo;aquest lloc web s&rsquo;han actualitzat el 1 de desembre de 2023 i us informem que:<\/p>\n\n<p>Aquest Av\u00eds Legal regula l&rsquo;acc\u00e9s, \u00fas i navegaci\u00f3 del lloc web www.chiquilavila.org (d&rsquo;ara endavant, EL LLOC WEB), del qual \u00e9s titular Associaci\u00f3 Pedag\u00f2gica La Vila (d&rsquo;ara endavant, EL TITULAR DEL LLOC WEB), amb la finalitat de donar compliment a les obligacions disposades per la Llei 34\/2002, de Serveis de la Societat de la Informaci\u00f3 i del Comer\u00e7 Electr\u00f2nic (LSSICE o LSSI), aix\u00ed com informar a tots els usuaris del lloc web sobre quines s\u00f3n les condicions d&rsquo;\u00fas del lloc web.<\/p>\n\n<p>Expressament, Associaci\u00f3 Pedag\u00f2gica La Vila sol\u00b7licita que llegeixi atentament les condicions d&rsquo;\u00fas abans de fer \u00fas d&rsquo;aquest lloc web i que, a m\u00e9s, ho faci cada vegada que vulgui fer \u00fas del lloc web, ja que aquestes podrien ser modificades.<\/p>\n\n<p>L&rsquo;acc\u00e9s, \u00fas i navegaci\u00f3 pel lloc web de EL TITULAR DEL LLOC WEB atorga la condici\u00f3 d&rsquo;USUARI i implica l&rsquo;acceptaci\u00f3 plena i sense reserves de totes i cadascuna de les disposicions incloses en aquest Av\u00eds Legal, que poden patir modificacions.<\/p>\n\n<p>L&rsquo;USUARI declara estar informat sobre els termes i condicions d&rsquo;\u00fas, els quals s&rsquo;han posat a la seva entera disposici\u00f3. Al seu torn, accepta la Pol\u00edtica de Privacitat i la Pol\u00edtica de Cookies i es compromet a donar compliment a les disposicions legals que siguin d&rsquo;aplicaci\u00f3. <\/p>\n\n<h2 class=\"wp-block-heading\">DADES DEL TITULAR DEL LLOC WEB<\/h2>\n\n<p>Amb la finalitat de donar compliment a l&rsquo;article 10 de la Llei 34\/2002 de Serveis de la Societat de la Informaci\u00f3 i del Comer\u00e7 Electr\u00f2nic, informem els usuaris dels nostres dades:<\/p>\n\n<ul class=\"wp-block-list\">\n<li>Denominaci\u00f3 Social: <strong>Associaci\u00f3 Pedag\u00f2gica La Vila<\/strong><\/li>\n\n\n\n<li>CIF: <strong>G65127326<\/strong><\/li>\n\n\n\n<li>Domicili social: <strong>C\/ Salvador Espriu 65-71, Barcelona<\/strong><\/li>\n\n\n\n<li>Correu electr\u00f2nic: <strong><a href=\"mailto:info@chiquilavila.org\">info@chiquilavila.org<\/a><\/strong><\/li>\n\n\n\n<li>Tel\u00e8fon: <strong><a href=\"tel:034932219573\">932219579<\/a><\/strong><\/li>\n<\/ul>\n\n<h2 class=\"wp-block-heading\">CONDICIONS D&rsquo;ACC\u00c9S I UTILITZACI\u00d3 DE LA P\u00c0GINA WEB<\/h2>\n\n<p>El lloc web i els seus serveis s\u00f3n d&rsquo;acc\u00e9s lliure i gratu\u00eft; no obstant aix\u00f2, EL TITULAR DEL LLOC WEB condiciona la utilitzaci\u00f3 d&rsquo;alguns dels serveis oferts al seu lloc web al previ compliment del corresponent formulari.<\/p>\n\n<p>L&rsquo;USUARI garanteix l&rsquo;autenticitat, veracitat i actualitat de tots aquells dades que comuniqui a EL TITULAR DEL LLOC WEB i ser\u00e0 l&rsquo;\u00fanic responsable de les manifestacions falses o inexactes que faci. L&rsquo;usuari es compromet a fer un \u00fas correcte del lloc web de conformitat amb les lleis, la bona fe, l&rsquo;ordre p\u00fablic, els usos del tr\u00e0nsit i el present Av\u00eds Legal. L&rsquo;USUARI respondr\u00e0 davant EL TITULAR DEL LLOC WEB o davant tercers de qualsevol dany o perjudici que pugui causar-se com a conseq\u00fc\u00e8ncia del incompliment d&rsquo;aquesta obligaci\u00f3.  <\/p>\n\n<p>En qualsevol cas, EL TITULAR DEL LLOC WEB no ser\u00e0 responsable de les opinions manifestades pels usuaris a trav\u00e9s del blog o altres eines de participaci\u00f3 que es puguin crear, conforme al que preveu la normativa d&rsquo;aplicaci\u00f3. A m\u00e9s, EL TITULAR DEL LLOC WEB no pot garantir la veracitat, vig\u00e8ncia i fiabilitat del contingut que tercers publiquen, \u00e9s per aix\u00f2 que sol\u00b7licita als seus USUARIS que abans de publicar qualsevol tipus de contingut l&rsquo;avalu\u00efn i el revisin de forma minuciosa. <\/p>\n\n<p>Aix\u00ed mateix, l&rsquo;USUARI reconeix i accepta que en qualsevol moment Associaci\u00f3 Pedag\u00f2gica La Vila podr\u00e0 interrompre o desactivar qualsevol dels continguts del portal web.<\/p>\n\n<h2 class=\"wp-block-heading\">EXCLUSI\u00d3 DE GARANTIES I DE RESPONSABILITAT<\/h2>\n\n<p>Associaci\u00f3 Pedag\u00f2gica La Vila no es fa responsable de la legalitat d&rsquo;altres llocs web de tercers des dels quals es pugui accedir al portal. Tampoc respon per la legalitat d&rsquo;altres llocs web de tercers, que puguin estar vinculats o enlla\u00e7ats des d&rsquo;aquest portal. Associaci\u00f3 Pedag\u00f2gica La Vila no ser\u00e0 responsable de l&rsquo;\u00fas que tercers facin de la informaci\u00f3 publicada al portal, ni tampoc dels danys soferts o p\u00e8rdues econ\u00f2miques que, de forma directa o indirecta, puguin produir perjudicis econ\u00f2mics, materials o sobre dades, provocats per l&rsquo;\u00fas d&rsquo;aquesta informaci\u00f3.  <\/p>\n\n<p>Associaci\u00f3 Pedag\u00f2gica La Vila posa a disposici\u00f3 dels seus usuaris informaci\u00f3 pr\u00f2pia o de tercers, procurant que aquesta informaci\u00f3 tingui la major qualitat possible, per\u00f2 no pot garantir l&rsquo;exactitud, pertin\u00e8ncia i actualitat de la mateixa.<\/p>\n\n<p>EL TITULAR DEL LLOC WEB exclou, fins on permet l&rsquo;ordenament jur\u00eddic, qualsevol responsabilitat pels danys i perjudicis de tota mena derivats de la pres\u00e8ncia de virus o d&rsquo;altres elements als continguts que puguin produir alteracions en els sistemes inform\u00e0tics, documents electr\u00f2nics o dades dels usuaris.<\/p>\n\n<p>A m\u00e9s a m\u00e9s, EL TITULAR DEL LLOC WEB declina qualsevol responsabilitat respecte a la informaci\u00f3 que es trobi fora d&rsquo;aquesta web i no sigui gestionada directament per EL TITULAR DEL LLOC WEB. En tot cas, EL TITULAR DEL LLOC WEB exclou qualsevol responsabilitat pels danys i perjudicis que puguin deure&rsquo;s a la informaci\u00f3 i\/o serveis prestats o subministrats per tercers diferents de l&rsquo;Empresa. Tota la responsabilitat ser\u00e0 del tercer ja sigui prove\u00efdor, col\u00b7laborador o altres.  <\/p>\n\n<h2 class=\"wp-block-heading\">HIPERENLLA\u00c7OS I LLOCS ENLLA\u00c7ATS<\/h2>\n\n<p>Aquelles persones que es proposin establir un hiperenlla\u00e7 pr\u00e8viament hauran de sol\u00b7licitar autoritzaci\u00f3 per escrit a EL TITULAR DEL LLOC WEB. EL TITULAR DEL LLOC WEB es reserva la facultat de prohibir i inutilitzar aquests hiperenlla\u00e7os. <\/p>\n\n<p>EL TITULAR DEL LLOC WEB no es responsabilitza de l&rsquo;\u00fas que cada usuari els doni als materials posats a disposici\u00f3 en aquest lloc web ni de les accions que realitzi en base als mateixos.<\/p>\n\n<p>Si considera que algun dels llocs enlla\u00e7ats vulnera els drets de tercers, EL TITULAR DEL LLOC WEB li sol\u00b7licita de forma expressa que ho comuniqui en la major celeritat possible.<\/p>\n\n<h2 class=\"wp-block-heading\">PROPIETAT INDUSTRIAL I INTEL\u00b7LECTUAL<\/h2>\n\n<p>El disseny del portal i els seus codis fonts, aix\u00ed com els logotips, marques i altres signes distintius que apareixen al mateix, pertanyen a EL TITULAR DEL LLOC WEB i estan protegits pels corresponents drets de propietat intel\u00b7lectual i industrial.<br\/>En virtut del que disposa la Llei de Propietat Intel\u00b7lectual, queden expressament prohibides la reproducci\u00f3, la distribuci\u00f3 i la comunicaci\u00f3 p\u00fablica de la totalitat o part dels continguts d&rsquo;aquesta p\u00e0gina web, amb finalitats comercials en qualsevol suport i per qualsevol mitj\u00e0 t\u00e8cnic, sense l&rsquo;autoritzaci\u00f3 d&rsquo;Associaci\u00f3 Pedag\u00f2gica la Vila.<\/p>\n\n<p>En cas que la nostra p\u00e0gina web contingui enlla\u00e7os a altres p\u00e0gines web i materials de tercers, aquests enlla\u00e7os es faciliten \u00fanicament a efectes informatius, sense que nosaltres tinguem control algun sobre el contingut d&rsquo;aquestes p\u00e0gines web o materials. Per tant, no acceptem cap responsabilitat per qualsevol dany o p\u00e8rdua derivats del seu \u00fas. <\/p>\n\n<h3 class=\"wp-block-heading\">Legislaci\u00f3 aplicable<\/h3>\n\n<p>Associaci\u00f3 Pedag\u00f2gica la Vila es reserva la facultat de presentar les accions civils o penals que consideri necess\u00e0ries per la utilitzaci\u00f3 indeguda del lloc web i continguts, o per l&rsquo;incompliment de les presents condicions. La relaci\u00f3 entre l&rsquo;usuari i Associacio Pedag\u00f2gica la Vila es regir\u00e0 per la normativa vigent i d&rsquo;aplicaci\u00f3 en el territori nacional. De sorgir qualsevol controv\u00e8rsia en relaci\u00f3 amb la interpretaci\u00f3 i\/o l&rsquo;aplicaci\u00f3 d&rsquo;aquestes condicions, les parts sotmetran els conflictes a la jurisdicci\u00f3 ordin\u00e0ria, sotmetent-se als Jutges i Tribunals que corresponguin conforme a Dret. Aix\u00ed mateix, li informem que disposa d&rsquo;un procediment de resoluci\u00f3 extrajudicial de controv\u00e8rsies gratu\u00eft i accessible a tots els ciutadans, es tracta de la plataforma de resoluci\u00f3 de litigis en l\u00ednia de la Uni\u00f3 Europea, accessible a trav\u00e9s del seg\u00fcent enlla\u00e7: <a href=\"https:\/\/ec.europa.eu\/consumers\/odr\/main\/?event=main.home2.show\" target=\"_blank\" rel=\"noreferrer noopener nofollow\">https:\/\/ec.europa.eu\/consumers\/odr\/main\/?event=main.home2.show<\/a>.   <\/p>\n","protected":false},"excerpt":{"rendered":"<p>Despr\u00e9s d&rsquo;una auditoria realitzada per a la informaci\u00f3 sobre l&rsquo;Av\u00eds Legal d&rsquo;aquest lloc web s&rsquo;han actualitzat el 1 de desembre de 2023 i us informem que: Aquest Av\u00eds Legal regula l&rsquo;acc\u00e9s, \u00fas i navegaci\u00f3 del lloc web www.chiquilavila.org (d&rsquo;ara endavant, EL LLOC WEB), del qual<span class=\"excerpt-hellip\"> [\u2026]<\/span><\/p>\n","protected":false},"author":1,"featured_media":0,"parent":0,"menu_order":0,"comment_status":"closed","ping_status":"closed","template":"","meta":{"footnotes":""},"class_list":["post-11263","page","type-page","status-publish","hentry"],"yoast_head":"<!-- This site is optimized with the Yoast SEO plugin v25.0 - https:\/\/yoast.com\/wordpress\/plugins\/seo\/ -->\n<title>Av\u00eds Legal - Chiqui La Vila<\/title>\n<meta name=\"robots\" content=\"noindex, follow\" \/>\n<meta property=\"og:locale\" content=\"fr_FR\" \/>\n<meta property=\"og:type\" content=\"article\" \/>\n<meta property=\"og:title\" content=\"Av\u00eds Legal - Chiqui La Vila\" \/>\n<meta property=\"og:description\" content=\"Despr\u00e9s d&rsquo;una auditoria realitzada per a la informaci\u00f3 sobre l&rsquo;Av\u00eds Legal d&rsquo;aquest lloc web s&rsquo;han actualitzat el 1 de desembre de 2023 i us informem que: Aquest Av\u00eds Legal regula l&rsquo;acc\u00e9s, \u00fas i navegaci\u00f3 del lloc web www.chiquilavila.org (d&rsquo;ara endavant, EL LLOC WEB), del qual [\u2026]\" \/>\n<meta property=\"og:url\" content=\"https:\/\/chiquilavila.org\/fr\/avis-legal\/\" \/>\n<meta property=\"og:site_name\" content=\"Chiqui La Vila\" \/>\n<meta property=\"article:publisher\" content=\"https:\/\/www.facebook.com\/chiquilavila\/\" \/>\n<meta property=\"article:modified_time\" content=\"2025-03-10T11:55:42+00:00\" \/>\n<meta name=\"twitter:card\" content=\"summary_large_image\" \/>\n<meta name=\"twitter:label1\" content=\"Dur\u00e9e de lecture estim\u00e9e\" \/>\n\t<meta name=\"twitter:data1\" content=\"6 minutes\" \/>\n<script type=\"application\/ld+json\" class=\"yoast-schema-graph\">{\"@context\":\"https:\/\/schema.org\",\"@graph\":[{\"@type\":\"WebPage\",\"@id\":\"https:\/\/chiquilavila.org\/fr\/avis-legal\/\",\"url\":\"https:\/\/chiquilavila.org\/fr\/avis-legal\/\",\"name\":\"Av\u00eds Legal - Chiqui La Vila\",\"isPartOf\":{\"@id\":\"https:\/\/chiquilavila.org\/fr\/#website\"},\"datePublished\":\"2025-03-10T11:55:41+00:00\",\"dateModified\":\"2025-03-10T11:55:42+00:00\",\"breadcrumb\":{\"@id\":\"https:\/\/chiquilavila.org\/fr\/avis-legal\/#breadcrumb\"},\"inLanguage\":\"fr-FR\",\"potentialAction\":[{\"@type\":\"ReadAction\",\"target\":[\"https:\/\/chiquilavila.org\/fr\/avis-legal\/\"]}]},{\"@type\":\"BreadcrumbList\",\"@id\":\"https:\/\/chiquilavila.org\/fr\/avis-legal\/#breadcrumb\",\"itemListElement\":[{\"@type\":\"ListItem\",\"position\":1,\"name\":\"Inici\",\"item\":\"https:\/\/chiquilavila.org\/fr\/lecole\/\"},{\"@type\":\"ListItem\",\"position\":2,\"name\":\"Av\u00eds Legal\"}]},{\"@type\":\"WebSite\",\"@id\":\"https:\/\/chiquilavila.org\/fr\/#website\",\"url\":\"https:\/\/chiquilavila.org\/fr\/\",\"name\":\"Chiqui La Vila\",\"description\":\"Escola Bressol Subvencionada a Barcelona\",\"publisher\":{\"@id\":\"https:\/\/chiquilavila.org\/fr\/#organization\"},\"potentialAction\":[{\"@type\":\"SearchAction\",\"target\":{\"@type\":\"EntryPoint\",\"urlTemplate\":\"https:\/\/chiquilavila.org\/fr\/?s={search_term_string}\"},\"query-input\":{\"@type\":\"PropertyValueSpecification\",\"valueRequired\":true,\"valueName\":\"search_term_string\"}}],\"inLanguage\":\"fr-FR\"},{\"@type\":\"Organization\",\"@id\":\"https:\/\/chiquilavila.org\/fr\/#organization\",\"name\":\"Chiqui La Vila\",\"url\":\"https:\/\/chiquilavila.org\/fr\/\",\"logo\":{\"@type\":\"ImageObject\",\"inLanguage\":\"fr-FR\",\"@id\":\"https:\/\/chiquilavila.org\/fr\/#\/schema\/logo\/image\/\",\"url\":\"https:\/\/chiquilavila.org\/wp-content\/uploads\/2016\/09\/cropped-logo_chiquilavila_200x45px.png\",\"contentUrl\":\"https:\/\/chiquilavila.org\/wp-content\/uploads\/2016\/09\/cropped-logo_chiquilavila_200x45px.png\",\"width\":187,\"height\":45,\"caption\":\"Chiqui La Vila\"},\"image\":{\"@id\":\"https:\/\/chiquilavila.org\/fr\/#\/schema\/logo\/image\/\"},\"sameAs\":[\"https:\/\/www.facebook.com\/chiquilavila\/\",\"https:\/\/www.instagram.com\/chiquilavila.escolabressol\/\"]}]}<\/script>\n<!-- \/ Yoast SEO plugin. -->","yoast_head_json":{"title":"Av\u00eds Legal - Chiqui La Vila","robots":{"index":"noindex","follow":"follow"},"og_locale":"fr_FR","og_type":"article","og_title":"Av\u00eds Legal - Chiqui La Vila","og_description":"Despr\u00e9s d&rsquo;una auditoria realitzada per a la informaci\u00f3 sobre l&rsquo;Av\u00eds Legal d&rsquo;aquest lloc web s&rsquo;han actualitzat el 1 de desembre de 2023 i us informem que: Aquest Av\u00eds Legal regula l&rsquo;acc\u00e9s, \u00fas i navegaci\u00f3 del lloc web www.chiquilavila.org (d&rsquo;ara endavant, EL LLOC WEB), del qual [\u2026]","og_url":"https:\/\/chiquilavila.org\/fr\/avis-legal\/","og_site_name":"Chiqui La Vila","article_publisher":"https:\/\/www.facebook.com\/chiquilavila\/","article_modified_time":"2025-03-10T11:55:42+00:00","twitter_card":"summary_large_image","twitter_misc":{"Dur\u00e9e de lecture estim\u00e9e":"6 minutes"},"schema":{"@context":"https:\/\/schema.org","@graph":[{"@type":"WebPage","@id":"https:\/\/chiquilavila.org\/fr\/avis-legal\/","url":"https:\/\/chiquilavila.org\/fr\/avis-legal\/","name":"Av\u00eds Legal - Chiqui La Vila","isPartOf":{"@id":"https:\/\/chiquilavila.org\/fr\/#website"},"datePublished":"2025-03-10T11:55:41+00:00","dateModified":"2025-03-10T11:55:42+00:00","breadcrumb":{"@id":"https:\/\/chiquilavila.org\/fr\/avis-legal\/#breadcrumb"},"inLanguage":"fr-FR","potentialAction":[{"@type":"ReadAction","target":["https:\/\/chiquilavila.org\/fr\/avis-legal\/"]}]},{"@type":"BreadcrumbList","@id":"https:\/\/chiquilavila.org\/fr\/avis-legal\/#breadcrumb","itemListElement":[{"@type":"ListItem","position":1,"name":"Inici","item":"https:\/\/chiquilavila.org\/fr\/lecole\/"},{"@type":"ListItem","position":2,"name":"Av\u00eds Legal"}]},{"@type":"WebSite","@id":"https:\/\/chiquilavila.org\/fr\/#website","url":"https:\/\/chiquilavila.org\/fr\/","name":"Chiqui La Vila","description":"Escola Bressol Subvencionada a Barcelona","publisher":{"@id":"https:\/\/chiquilavila.org\/fr\/#organization"},"potentialAction":[{"@type":"SearchAction","target":{"@type":"EntryPoint","urlTemplate":"https:\/\/chiquilavila.org\/fr\/?s={search_term_string}"},"query-input":{"@type":"PropertyValueSpecification","valueRequired":true,"valueName":"search_term_string"}}],"inLanguage":"fr-FR"},{"@type":"Organization","@id":"https:\/\/chiquilavila.org\/fr\/#organization","name":"Chiqui La Vila","url":"https:\/\/chiquilavila.org\/fr\/","logo":{"@type":"ImageObject","inLanguage":"fr-FR","@id":"https:\/\/chiquilavila.org\/fr\/#\/schema\/logo\/image\/","url":"https:\/\/chiquilavila.org\/wp-content\/uploads\/2016\/09\/cropped-logo_chiquilavila_200x45px.png","contentUrl":"https:\/\/chiquilavila.org\/wp-content\/uploads\/2016\/09\/cropped-logo_chiquilavila_200x45px.png","width":187,"height":45,"caption":"Chiqui La Vila"},"image":{"@id":"https:\/\/chiquilavila.org\/fr\/#\/schema\/logo\/image\/"},"sameAs":["https:\/\/www.facebook.com\/chiquilavila\/","https:\/\/www.instagram.com\/chiquilavila.escolabressol\/"]}]}},"_links":{"self":[{"href":"https:\/\/chiquilavila.org\/fr\/wp-json\/wp\/v2\/pages\/11263","targetHints":{"allow":["GET"]}}],"collection":[{"href":"https:\/\/chiquilavila.org\/fr\/wp-json\/wp\/v2\/pages"}],"about":[{"href":"https:\/\/chiquilavila.org\/fr\/wp-json\/wp\/v2\/types\/page"}],"author":[{"embeddable":true,"href":"https:\/\/chiquilavila.org\/fr\/wp-json\/wp\/v2\/users\/1"}],"replies":[{"embeddable":true,"href":"https:\/\/chiquilavila.org\/fr\/wp-json\/wp\/v2\/comments?post=11263"}],"version-history":[{"count":0,"href":"https:\/\/chiquilavila.org\/fr\/wp-json\/wp\/v2\/pages\/11263\/revisions"}],"wp:attachment":[{"href":"https:\/\/chiquilavila.org\/fr\/wp-json\/wp\/v2\/media?parent=11263"}],"curies":[{"name":"wp","href":"https:\/\/api.w.org\/{rel}","templated":true}]}}